{"id":815,"date":"2024-11-28T12:04:07","date_gmt":"2024-11-28T11:04:07","guid":{"rendered":"https:\/\/ortho-iskander-wetzlar.de\/datenschutz\/"},"modified":"2024-12-24T23:54:55","modified_gmt":"2024-12-24T22:54:55","slug":"datenschutz","status":"publish","type":"page","link":"https:\/\/ortho-iskander-wetzlar.de\/ar\/datenschutz\/","title":{"rendered":"Datenschutz"},"content":{"rendered":"<p>[et_pb_section fb_built=&#8221;1&#8243; admin_label=&#8221;Our Services&#8221; module_id=&#8221;konservativ&#8221; _builder_version=&#8221;4.27.4&#8243; _module_preset=&#8221;default&#8221; use_background_color_gradient=&#8221;on&#8221; background_color_gradient_stops=&#8221;#ffffff 0%|#eff1f4 100%&#8221; background_color_gradient_start=&#8221;#ffffff&#8221; background_color_gradient_end=&#8221;#eff1f4&#8243; background_enable_image=&#8221;off&#8221; custom_padding=&#8221;1px||34px||false|false&#8221; bottom_divider_color=&#8221;#ffffff&#8221; da_disable_devices=&#8221;off|off|off&#8221; global_colors_info=&#8221;{}&#8221; da_is_popup=&#8221;off&#8221; da_exit_intent=&#8221;off&#8221; da_has_close=&#8221;on&#8221; da_alt_close=&#8221;off&#8221; da_dark_close=&#8221;off&#8221; da_not_modal=&#8221;on&#8221; da_is_singular=&#8221;off&#8221; da_with_loader=&#8221;off&#8221; da_has_shadow=&#8221;on&#8221;][et_pb_row make_equal=&#8221;on&#8221; _builder_version=&#8221;4.27.4&#8243; _module_preset=&#8221;default&#8221; background_enable_color=&#8221;off&#8221; custom_margin=&#8221;||||false|false&#8221; custom_margin_last_edited=&#8221;off|desktop&#8221; custom_padding=&#8221;40px||0px||false|false&#8221; global_colors_info=&#8221;{}&#8221;][et_pb_column type=&#8221;4_4&#8243; _builder_version=&#8221;4.27.4&#8243; _module_preset=&#8221;default&#8221; custom_padding=&#8221;|||&#8221; border_radii=&#8221;on|1vw|1vw|1vw|1vw&#8221; box_shadow_style=&#8221;preset1&#8243; global_colors_info=&#8221;{}&#8221; custom_padding__hover=&#8221;|||&#8221; box_shadow_color__hover_enabled=&#8221;on|hover&#8221; box_shadow_color__hover=&#8221;#FF0000&#8243;][et_pb_text _builder_version=&#8221;4.27.4&#8243; _module_preset=&#8221;default&#8221; link_text_color=&#8221;#FF0000&#8243; custom_margin=&#8221;2%|2%|2%|2%|true|true&#8221; custom_padding=&#8221;2%|2%|2%|2%|true|true&#8221; hover_enabled=&#8221;0&#8243; global_colors_info=&#8221;{}&#8221; sticky_enabled=&#8221;0&#8243;]<title>Datenschutzerkl\u00e4rung &#8211; Praxisgemeinschaft Dr. Iskander<\/title><br \/>\n<\/head><\/p>\n<h1>Datenschutzerkl\u00e4rung<\/h1>\n<h2>1. Name und Kontaktdaten des Verantwortlichen<\/h2>\n<p><strong>Verantwortlicher f\u00fcr die Datenverarbeitung:<\/strong><br \/>\n Dr. med. Joseph Iskander<br \/>\n Praxisgemeinschaft Dr. Iskander<br \/>\n Spilburgstra\u00dfe 4, 35578 Wetzlar<br \/>\n Telefon: 06441 2100080<br \/>\n E-Mail: <a href=\"mailto:info@ortho-iskander-wetzlar.de\">info@ortho-iskander-wetzlar.de<\/a><br \/>\n Website: <a href=\"http:\/\/www.ortho-iskander-wetzlar.de\" target=\"_blank\">www.ortho-iskander-wetzlar.de<\/a><\/p>\n<h2>2. Hosting<\/h2>\n<p>Unsere Website wird bei <strong>All-Inkl<\/strong> gehostet (ALL-INKL.COM &#8211; Neue Medien M\u00fcnnich, Hauptstra\u00dfe 68, 02742 Friedersdorf).<\/p>\n<p><strong>Datenverarbeitung:<\/strong> Beim Besuch unserer Website speichert unser Hosting-Anbieter folgende Daten in sogenannten Server-Logfiles:<\/p>\n<ul>\n<li>IP-Adresse<\/li>\n<li>Datum und Uhrzeit der Anfrage<\/li>\n<li>Browsertyp und -version<\/li>\n<li>Betriebssystem<\/li>\n<li>Referrer-URL<\/li>\n<\/ul>\n<p>Diese Daten werden ausschlie\u00dflich zur Sicherstellung eines st\u00f6rungsfreien Betriebs der Seite und zur Verbesserung unseres Angebots verwendet. Rechtsgrundlage hierf\u00fcr ist Art. 6 Abs. 1 lit. f DSGVO.<\/p>\n<h2>3. Erhebung und Speicherung personenbezogener Daten<\/h2>\n<h3>a) Kontaktformular und E-Mail-Kontakt<\/h3>\n<p>\u00dcber unser Kontaktformular werden folgende personenbezogene Daten erhoben:<\/p>\n<ul>\n<li>Name<\/li>\n<li>E-Mail-Adresse<\/li>\n<li>Telefonnummer<\/li>\n<\/ul>\n<p><strong>Zweck der Verarbeitung:<\/strong> Die Datenverarbeitung erfolgt zum Zweck der Kontaktaufnahme und Bearbeitung Ihrer Anfragen gem\u00e4\u00df Art. 6 Abs. 1 lit. b DSGVO.<\/p>\n<h3>b) Cookies<\/h3>\n<p>Unsere Website verwendet Cookies, um die Funktionalit\u00e4t sicherzustellen. Es kommen ausschlie\u00dflich essenzielle Cookies zum Einsatz. Eine Verarbeitung erfolgt auf Grundlage von Art. 6 Abs. 1 lit. f DSGVO.<\/p>\n<h3>c) Online-Terminvereinbarung \u00fcber Samedi<\/h3>\n<p>F\u00fcr die Terminvereinbarung nutzen wir den externen Dienstleister <strong>Samedi<\/strong>. Ihre personenbezogenen Daten (z. B. Name, Kontaktdaten) werden direkt an Samedi \u00fcbermittelt. Weitere Informationen finden Sie in der Datenschutzerkl\u00e4rung von Samedi: <a href=\"https:\/\/www.samedi.de\/datenschutz.html\" target=\"_blank\" rel=\"noopener\">https:\/\/www.samedi.de\/datenschutz.html<\/a>.<\/p>\n<h2>4. Ihre Rechte als Betroffener<\/h2>\n<p>Sie haben das Recht:<\/p>\n<ul>\n<li>auf Auskunft \u00fcber Ihre von uns verarbeiteten personenbezogenen Daten (Art. 15 DSGVO),<\/li>\n<li>auf Berichtigung unrichtiger oder unvollst\u00e4ndiger Daten (Art. 16 DSGVO),<\/li>\n<li>auf L\u00f6schung Ihrer bei uns gespeicherten Daten (Art. 17 DSGVO),<\/li>\n<li>auf Einschr\u00e4nkung der Verarbeitung (Art. 18 DSGVO),<\/li>\n<li>auf Daten\u00fcbertragbarkeit (Art. 20 DSGVO),<\/li>\n<li>auf Widerruf Ihrer Einwilligung zur Datenverarbeitung (Art. 7 Abs. 3 DSGVO).<\/li>\n<\/ul>\n<p>Zur Aus\u00fcbung Ihrer Rechte wenden Sie sich bitte an:<br \/>\n Dr. med. Joseph Iskander<br \/>\n Spilburgstra\u00dfe 4, 35578 Wetzlar<br \/>\n E-Mail: <a href=\"mailto:info@ortho-iskander-wetzlar.de\">info@ortho-iskander-wetzlar.de<\/a><\/p>\n<h2>5. Beschwerderecht bei der Aufsichtsbeh\u00f6rde<\/h2>\n<p>Wenn Sie der Ansicht sind, dass die Verarbeitung Ihrer personenbezogenen Daten gegen die DSGVO verst\u00f6\u00dft, haben Sie das Recht, sich bei der zust\u00e4ndigen Aufsichtsbeh\u00f6rde zu beschweren.<\/p>\n<p><strong>Zust\u00e4ndige Beh\u00f6rde:<\/strong><br \/>\n Der Hessische Beauftragte f\u00fcr Datenschutz und Informationsfreiheit<br \/>\n Gustav-Stresemann-Ring 1, 65189 Wiesbaden<br \/>\n Telefon: 0611 1408-0<br \/>\n E-Mail: <a href=\"mailto:poststelle@datenschutz.hessen.de\">poststelle@datenschutz.hessen.de<\/a><\/p>\n<h2>6. Sicherheit Ihrer Daten<\/h2>\n<p>Wir setzen technische und organisatorische Ma\u00dfnahmen ein, um Ihre Daten vor Verlust, Missbrauch oder unbefugtem Zugriff zu sch\u00fctzen.<\/p>\n<h2>7. \u00c4nderungen der Datenschutzerkl\u00e4rung<\/h2>\n<p>Diese Datenschutzerkl\u00e4rung wird bei Bedarf aktualisiert, um gesetzlichen Anforderungen zu entsprechen oder \u00c4nderungen unserer Leistungen abzubilden.<\/p>\n<p><\/html><br \/>\n[\/et_pb_text][\/et_pb_column][\/et_pb_row][\/et_pb_section][et_pb_section fb_built=&#8221;1&#8243; disabled_on=&#8221;off|off|off&#8221; admin_label=&#8221;Section&#8221; _builder_version=&#8221;4.21.0&#8243; _module_preset=&#8221;default&#8221; use_background_color_gradient=&#8221;on&#8221; background_color_gradient_stops=&#8221;#ffffff 0%|#eff1f4 100%&#8221; background_color_gradient_start=&#8221;#ffffff&#8221; background_color_gradient_end=&#8221;#eff1f4&#8243; background_enable_image=&#8221;off&#8221; custom_padding=&#8221;0px||31px|||&#8221; da_disable_devices=&#8221;off|off|off&#8221; global_colors_info=&#8221;{}&#8221; da_is_popup=&#8221;off&#8221; da_exit_intent=&#8221;off&#8221; da_has_close=&#8221;on&#8221; da_alt_close=&#8221;off&#8221; da_dark_close=&#8221;off&#8221; da_not_modal=&#8221;on&#8221; da_is_singular=&#8221;off&#8221; da_with_loader=&#8221;off&#8221; da_has_shadow=&#8221;on&#8221;][et_pb_row custom_padding_last_edited=&#8221;on|phone&#8221; _builder_version=&#8221;4.24.2&#8243; _module_preset=&#8221;default&#8221; background_enable_color=&#8221;off&#8221; width_tablet=&#8221;&#8221; width_phone=&#8221;&#8221; width_last_edited=&#8221;on|desktop&#8221; custom_margin_tablet=&#8221;&#8221; custom_margin_phone=&#8221;|0%||10%|false|false&#8221; custom_margin_last_edited=&#8221;on|desktop&#8221; custom_padding=&#8221;|10px|6px||false|false&#8221; custom_padding_tablet=&#8221;|0px|||false|false&#8221; custom_padding_phone=&#8221;|0%||0%|false|false&#8221; global_colors_info=&#8221;{}&#8221;][et_pb_column type=&#8221;4_4&#8243; _builder_version=&#8221;4.19.5&#8243; _module_preset=&#8221;default&#8221; custom_padding_tablet=&#8221;&#8221; custom_padding_phone=&#8221;&#8221; custom_padding_last_edited=&#8221;on|phone&#8221; global_colors_info=&#8221;{}&#8221;][et_pb_button button_url=&#8221;https:\/\/termin.samedi.de\/b\/dr-aziz-praxis-ortho-wetzlar\/driskander&#8221; button_text=&#8221;\u0627\u0644\u0639\u0648\u062f\u0629 \u0625\u0644\u0649 \u0627\u0644\u0635\u0641\u062d\u0629 \u0627\u0644\u0631\u0626\u064a\u0633\u064a\u0629&#8221; button_alignment=&#8221;left&#8221; _builder_version=&#8221;4.27.4&#8243; _module_preset=&#8221;408390fd-28b2-4423-9b9d-2c01b0b6da49&#8243; button_text_color=&#8221;#000000&#8243; button_bg_color=&#8221;RGBA(255,255,255,0)&#8221; button_border_width=&#8221;0px&#8221; button_border_color=&#8221;#FF0000&#8243; button_border_radius=&#8221;1vw&#8221; button_icon=&#8221;&#x23;||divi||400&#8243; button_icon_color=&#8221;#000000&#8243; button_icon_placement=&#8221;left&#8221; custom_margin=&#8221;2.4%|1%|2.4%|1%|true|true&#8221; global_colors_info=&#8221;{}&#8221;][\/et_pb_button][\/et_pb_column][\/et_pb_row][\/et_pb_section]<\/p>\n","protected":false},"excerpt":{"rendered":"<p>Datenschutzerkl\u00e4rung &#8211; Praxisgemeinschaft Dr. Iskander Datenschutzerkl\u00e4rung 1. Name und Kontaktdaten des Verantwortlichen Verantwortlicher f\u00fcr die Datenverarbeitung: Dr. med. Joseph Iskander Praxisgemeinschaft Dr. Iskander Spilburgstra\u00dfe 4, 35578 Wetzlar Telefon: 06441 2100080 E-Mail: info@ortho-iskander-wetzlar.de Website: www.ortho-iskander-wetzlar.de 2. Hosting Unsere Website wird bei All-Inkl gehostet (ALL-INKL.COM &#8211; Neue Medien M\u00fcnnich, Hauptstra\u00dfe 68, 02742 Friedersdorf). Datenverarbeitung: Beim Besuch unserer [&hellip;]<\/p>\n","protected":false},"author":1,"featured_media":0,"parent":0,"menu_order":0,"comment_status":"closed","ping_status":"closed","template":"","meta":{"_et_pb_use_builder":"on","_et_pb_old_content":"","_et_gb_content_width":"","om_disable_all_campaigns":false,"_uf_show_specific_survey":0,"_uf_disable_surveys":false,"footnotes":""},"class_list":["post-815","page","type-page","status-publish","hentry"],"_links":{"self":[{"href":"https:\/\/ortho-iskander-wetzlar.de\/ar\/wp-json\/wp\/v2\/pages\/815","targetHints":{"allow":["GET"]}}],"collection":[{"href":"https:\/\/ortho-iskander-wetzlar.de\/ar\/wp-json\/wp\/v2\/pages"}],"about":[{"href":"https:\/\/ortho-iskander-wetzlar.de\/ar\/wp-json\/wp\/v2\/types\/page"}],"author":[{"embeddable":true,"href":"https:\/\/ortho-iskander-wetzlar.de\/ar\/wp-json\/wp\/v2\/users\/1"}],"replies":[{"embeddable":true,"href":"https:\/\/ortho-iskander-wetzlar.de\/ar\/wp-json\/wp\/v2\/comments?post=815"}],"version-history":[{"count":2,"href":"https:\/\/ortho-iskander-wetzlar.de\/ar\/wp-json\/wp\/v2\/pages\/815\/revisions"}],"predecessor-version":[{"id":817,"href":"https:\/\/ortho-iskander-wetzlar.de\/ar\/wp-json\/wp\/v2\/pages\/815\/revisions\/817"}],"wp:attachment":[{"href":"https:\/\/ortho-iskander-wetzlar.de\/ar\/wp-json\/wp\/v2\/media?parent=815"}],"curies":[{"name":"wp","href":"https:\/\/api.w.org\/{rel}","templated":true}]}}